{"id":1079,"date":"2021-07-24T12:26:58","date_gmt":"2021-07-24T09:26:58","guid":{"rendered":"https:\/\/arcas.ro\/wp\/?page_id=1079"},"modified":"2021-07-24T16:42:50","modified_gmt":"2021-07-24T13:42:50","slug":"politica-privind-fisierele-cookies","status":"publish","type":"page","link":"https:\/\/arcas.ro\/wp\/politica-privind-fisierele-cookies\/","title":{"rendered":"Politic\u0103 privind fi\u0219ierele cookies"},"content":{"rendered":"<div id=\"tdi_1\" class=\"tdc-zone\"><div class=\"tdc_zone tdi_2  wpb_row td-pb-row\"  >\n<style scoped>\n\n\/* custom css *\/\n.tdi_2{\r\n                    min-height: 0;\r\n                }\n<\/style><div id=\"tdi_3\" class=\"tdc-row stretch_row_1400 td-stretch-content\"><div class=\"vc_row tdi_4  wpb_row td-pb-row\" >\n<style scoped>\n\n\/* custom css *\/\n.tdi_4,\r\n                .tdi_4 .tdc-columns{\r\n                    min-height: 0;\r\n                }.tdi_4,\r\n\t\t\t\t.tdi_4 .tdc-columns{\r\n\t\t\t\t    display: block;\r\n\t\t\t\t}.tdi_4 .tdc-columns{\r\n\t\t\t\t    width: 100%;\r\n\t\t\t\t}\n<\/style><div class=\"vc_column tdi_6  wpb_column vc_column_container tdc-column td-pb-span12\">\n<style scoped>\n\n\/* custom css *\/\n.tdi_6{\r\n                    vertical-align: baseline;\r\n                }.tdi_6 > .wpb_wrapper,\r\n\t\t\t\t.tdi_6 > .wpb_wrapper > .tdc-elements{\r\n\t\t\t\t    display: block;\r\n\t\t\t\t}.tdi_6 > .wpb_wrapper > .tdc-elements{\r\n\t\t\t\t    width: 100%;\r\n\t\t\t\t}.tdi_6 > .wpb_wrapper > .vc_row_inner{\r\n\t\t\t\t    width: auto;\r\n\t\t\t\t}.tdi_6 > .wpb_wrapper{\r\n\t\t\t\t    width: auto;\r\n\t\t\t\t    height: auto;\r\n\t\t\t\t}\n<\/style><div class=\"wpb_wrapper\"><div class=\"wpb_wrapper td_block_separator td_block_wrap vc_separator tdi_8  td_separator_solid td_separator_center\"><span style=\"border-color:rgba(255,255,255,0.15);border-width:1px;width:100%;\"><\/span>\n<style scoped>\n\n\/* custom css *\/\n.td_block_separator{\r\n                  width: 100%;\r\n                  align-items: center;\r\n                  margin-bottom: 38px;\r\n                  padding-bottom: 10px;\r\n                }.td_block_separator span{\r\n                  position: relative;\r\n                  display: block;\r\n                  margin: 0 auto;\r\n                  width: 100%;\r\n                  height: 1px;\r\n                  border-top: 1px solid #EBEBEB;\r\n                }.td_separator_align_left span{\r\n                  margin-left: 0;\r\n                }.td_separator_align_right span{\r\n                  margin-right: 0;\r\n                }.td_separator_dashed span{\r\n                  border-top-style: dashed;\r\n                }.td_separator_dotted span{\r\n                  border-top-style: dotted;\r\n                }.td_separator_double span{\r\n                  height: 3px;\r\n                  border-bottom: 1px solid #EBEBEB;\r\n                }.td_separator_shadow > span{\r\n                  position: relative;\r\n                  height: 20px;\r\n                  overflow: hidden;\r\n                  border: 0;\r\n                  color: #EBEBEB;\r\n                }.td_separator_shadow > span > span{\r\n                  position: absolute;\r\n                  top: -30px;\r\n                  left: 0;\r\n                  right: 0;\r\n                  margin: 0 auto;\r\n                  height: 13px;\r\n                  width: 98%;\r\n                  border-radius: 100%;\r\n                }\n\/* inline tdc_css att *\/\n\n.tdi_8{\nmargin-bottom:0px !important;\n}\n\n<\/style><\/div><\/div><\/div><\/div><\/div><div id=\"tdi_9\" class=\"tdc-row stretch_row_1400 td-stretch-content\"><div class=\"vc_row tdi_10 privacy-policy-row wpb_row td-pb-row\" >\n<style scoped>\n\n\/* custom css *\/\n.tdi_10,\r\n                .tdi_10 .tdc-columns{\r\n                    min-height: 0;\r\n                }.tdi_10,\r\n\t\t\t\t.tdi_10 .tdc-columns{\r\n\t\t\t\t    display: block;\r\n\t\t\t\t}.tdi_10 .tdc-columns{\r\n\t\t\t\t    width: 100%;\r\n\t\t\t\t}\n\n\/* landscape *\/\n@media (min-width: 1019px) and (max-width: 1140px){\n@media (min-width: 768px) {\r\n\t                .tdi_10 {\r\n\t                    margin-left: -18px;\r\n\t                    margin-right: -18px;\r\n\t                }\r\n\t                .tdi_10 .tdc-row-video-background-error,\r\n\t                .tdi_10 .vc_column {\r\n\t                    padding-left: 18px;\r\n\t                    padding-right: 18px;\r\n\t                }\r\n                }\n}\n\n\/* portrait *\/\n@media (min-width: 768px) and (max-width: 1018px){\n@media (min-width: 768px) {\r\n\t                .tdi_10 {\r\n\t                    margin-left: -14px;\r\n\t                    margin-right: -14px;\r\n\t                }\r\n\t                .tdi_10 .tdc-row-video-background-error,\r\n\t                .tdi_10 .vc_column {\r\n\t                    padding-left: 14px;\r\n\t                    padding-right: 14px;\r\n\t                }\r\n                }\n}\n\n\/* phone *\/\n@media (max-width: 767px){\n@media (min-width: 768px) {\r\n\t                .tdi_10 {\r\n\t                    margin-left: -0px;\r\n\t                    margin-right: -0px;\r\n\t                }\r\n\t                .tdi_10 .tdc-row-video-background-error,\r\n\t                .tdi_10 .vc_column {\r\n\t                    padding-left: 0px;\r\n\t                    padding-right: 0px;\r\n\t                }\r\n                }\n}\n\/* inline tdc_css att *\/\n\n.tdi_10{\npadding-top:90px !important;\n}\n\n.tdi_10 .td_block_wrap{ text-align:left }\n\n\/* landscape *\/\n@media (min-width: 1019px) and (max-width: 1140px)\n{\n.tdi_10{\npadding-top:70px !important;\n}\n}\n\n\/* portrait *\/\n@media (min-width: 768px) and (max-width: 1018px)\n{\n.tdi_10{\npadding-top:50px !important;\n}\n}\n\n\/* phone *\/\n@media (max-width: 767px)\n{\n.tdi_10{\npadding-top:50px !important;\n}\n}\n\n<\/style><div class=\"vc_column tdi_12  wpb_column vc_column_container tdc-column td-pb-span12\">\n<style scoped>\n\n\/* custom css *\/\n.tdi_12{\r\n                    vertical-align: baseline;\r\n                }.tdi_12 > .wpb_wrapper,\r\n\t\t\t\t.tdi_12 > .wpb_wrapper > .tdc-elements{\r\n\t\t\t\t    display: block;\r\n\t\t\t\t}.tdi_12 > .wpb_wrapper > .tdc-elements{\r\n\t\t\t\t    width: 100%;\r\n\t\t\t\t}.tdi_12 > .wpb_wrapper > .vc_row_inner{\r\n\t\t\t\t    width: auto;\r\n\t\t\t\t}.tdi_12 > .wpb_wrapper{\r\n\t\t\t\t    width: auto;\r\n\t\t\t\t    height: auto;\r\n\t\t\t\t}\n<\/style><div class=\"wpb_wrapper\"><div class=\"tdm_block td_block_wrap tdm_block_column_title tdi_13 tdm-content-horiz-center td-pb-border-top td_block_template_1\"  data-td-block-uid=\"tdi_13\" >\n<style>\n\n\/* inline tdc_css att *\/\n\n.tdi_13{\nmargin-bottom:80px !important;\n}\n\n\/* landscape *\/\n@media (min-width: 1019px) and (max-width: 1140px)\n{\n.tdi_13{\nmargin-bottom:60px !important;\n}\n}\n\n\/* portrait *\/\n@media (min-width: 768px) and (max-width: 1018px)\n{\n.tdi_13{\nmargin-bottom:40px !important;\n}\n}\n\n\/* phone *\/\n@media (max-width: 767px)\n{\n.tdi_13{\nmargin-bottom:40px !important;\n}\n}\n\n<\/style>\n<style>\n\/* custom css *\/\n.tdm_block_column_title{\r\n                  margin-bottom: 0;\r\n                  display: inline-block;\r\n                  width: 100%;\r\n                }\n<\/style><div class=\"td-block-row\"><div class=\"td-block-span12 tdm-col\">\n<style>\nbody .tdi_14 .tdm-title{\r\n\t\t\t\t\tcolor: #ffffff;\r\n\t\t\t\t}.tdi_14 .tdm-title{\r\n\t\t\t\t\tfont-family:Oswald !important;font-size:60px !important;line-height:1.3 !important;font-weight:400 !important;text-transform:uppercase !important;letter-spacing:1px !important;\r\n\t\t\t\t}\n\n\/* landscape *\/\n@media (min-width: 1019px) and (max-width: 1140px){\n.tdi_14 .tdm-title{\r\n\t\t\t\t\tfont-family:Oswald !important;font-size:46px !important;line-height:1.2 !important;font-weight:400 !important;text-transform:uppercase !important;letter-spacing:1px !important;\r\n\t\t\t\t}\n}\n\n\/* portrait *\/\n@media (min-width: 768px) and (max-width: 1018px){\n.tdi_14 .tdm-title{\r\n\t\t\t\t\tfont-family:Oswald !important;font-size:40px !important;line-height:1.2 !important;font-weight:400 !important;text-transform:uppercase !important;letter-spacing:1px !important;\r\n\t\t\t\t}\n}\n\n\/* phone *\/\n@media (max-width: 767px){\n.tdi_14 .tdm-title{\r\n\t\t\t\t\tfont-family:Oswald !important;font-size:40px !important;line-height:1.2 !important;font-weight:400 !important;text-transform:uppercase !important;letter-spacing:1px !important;\r\n\t\t\t\t}\n}\n<\/style><div class=\"tds-title tds-title1 td-fix-index tdi_14\"><h2 class=\"tdm-title tdm-title-sm\">Politic\u0103 privind fi\u0219ierele cookies<\/h2><\/div><\/div><\/div><\/div><div class=\"wpb_wrapper wpb_text_column td_block_wrap td_block_wrap vc_column_text tdi_15  tagdiv-type td-pb-border-top td_block_template_1\"  data-td-block-uid=\"tdi_15\" >\n<style>\n\n\/* inline tdc_css att *\/\n\n.tdi_15{\nmargin-bottom:70px !important;\n}\n\n\/* landscape *\/\n@media (min-width: 1019px) and (max-width: 1140px)\n{\n.tdi_15{\nmargin-bottom:50px !important;\n}\n}\n\n\/* portrait *\/\n@media (min-width: 768px) and (max-width: 1018px)\n{\n.tdi_15{\nmargin-bottom:40px !important;\n}\n}\n\n\/* phone *\/\n@media (max-width: 767px)\n{\n.tdi_15{\nmargin-bottom:40px !important;\n}\n}\n\n<\/style>\n<style>\n\/* custom css *\/\n.tdi_15,\r\n                .tdi_15 p{\r\n\t\t\t        font-family:Roboto !important;font-size:16px !important;line-height:1.5 !important;\r\n\t\t        }.tdi_15 h3{\r\n\t\t\t        font-family:Oswald !important;font-size:20px !important;text-transform:uppercase !important;letter-spacing:1px !important;\r\n\t\t        }.tdi_15{\r\n\t\t\t        color: #c1c1c1;\r\n\t\t        }.tdi_15 h1,\r\n\t\t\t\t.tdi_15 h2,\r\n\t\t\t\t.tdi_15 h3,\r\n\t\t\t\t.tdi_15 h4,\r\n\t\t\t\t.tdi_15 h5,\r\n\t\t\t\t.tdi_15 h6{\r\n\t\t\t        color: #ffffff;\r\n\t\t        }\n\n\/* landscape *\/\n@media (min-width: 1019px) and (max-width: 1140px){\n.tdi_15,\r\n                .tdi_15 p{\r\n\t\t\t        font-family:Roboto !important;font-size:15px !important;line-height:1.4 !important;\r\n\t\t        }.tdi_15 h3{\r\n\t\t\t        font-family:Oswald !important;font-size:18px !important;text-transform:uppercase !important;letter-spacing:1px !important;\r\n\t\t        }\n}\n\n\/* portrait *\/\n@media (min-width: 768px) and (max-width: 1018px){\n.tdi_15,\r\n                .tdi_15 p{\r\n\t\t\t        font-family:Roboto !important;font-size:14px !important;line-height:1.4 !important;\r\n\t\t        }.tdi_15 h3{\r\n\t\t\t        font-family:Oswald !important;font-size:16px !important;text-transform:uppercase !important;letter-spacing:1px !important;\r\n\t\t        }\n}\n\n\/* phone *\/\n@media (max-width: 767px){\n.tdi_15,\r\n                .tdi_15 p{\r\n\t\t\t        font-family:Roboto !important;font-size:14px !important;line-height:1.4 !important;\r\n\t\t        }.tdi_15 h3{\r\n\t\t\t        font-family:Oswald !important;font-size:16px !important;text-transform:uppercase !important;letter-spacing:1px !important;\r\n\t\t        }\n}\n<\/style><div class=\"td-block-title-wrap\"><\/div><div class=\"td-fix-index\"><ol>\n<li>\n<div class=\"inside-content\">\n<div class=\"container\">\n<div class=\"main-content\">\n<article id=\"post-725\" class=\"post-725 page type-page status-publish hentry\">\n<div class=\"post-inside-article\">\n<div class=\"post-content\">\n<strong>Informa\u021bii despre cookie-uri<\/strong><br \/>Pentru a permite func\u021bionarea corespunz\u0103toare a acestui site si pentru a \u00eembun\u0103t\u0103\u021bi experien\u021ba de navigare, acest site trebuie sa plaseze o cantitate mica de informa\u021bii (Cookie-uri) in computerul\/dispozitivul dumneavoastr\u0103.<br \/>Anumite cookie-uri sunt necesare func\u021bion\u0103rii corespunz\u0103toare a site-ului \u0219i pentru a permite utilizarea anumitor caracteristici tehnice oferindu-v\u0103 astfel o experien\u021b\u0103 de utilizare satisf\u0103c\u0103toare. Pentru a folosi cookie-uri care nu sunt necesare utiliz\u0103rii site-ului dar care \u00eembun\u0103t\u0103\u021besc serviciile oferite v\u0103 vom solicita aprobarea. Daca nu ne acorda\u021bi acceptul pentru folosirea anumitor cookie-uri, pute\u021bi naviga pe site in continuare, dar anumite func\u021bionalit\u0103\u021bi nu vor fi disponibile pentru dumneavoastr\u0103.<\/p>\n<p><strong>Ce este un cookie?<\/strong><br \/>Cookie-urile sunt informa\u021bii stocate in calculatorul sau dispozitivul dumneavoastr\u0103 mobil de c\u0103tre site-ul pe care \u00eel accesa\u021bi. \u00cen mod normal cookie-urile v\u0103 p\u0103streaz\u0103 preferin\u021bele, set\u0103rile site-ului cum ar fi limba preferat\u0103 sau adresa. Ulterior, c\u00e2nd accesa\u021bi din nou acel site, browserul de internet trimite \u00eenapoi cookie-urile acelei pagini. Acest lucru permite paginii de site s\u0103 afi\u0219eze con\u021binut \u00eentr-un mod personalizat, pentru c\u0103 datorit\u0103 unui cookie site-ul \u00ee\u0219i aminte\u0219te ac\u021biunile dumneavoastr\u0103 dar si set\u0103rile pentru o perioad\u0103 specificat\u0103. De fiecare dat\u0103 c\u00e2nd un utilizator deschide o pagin\u0103, serverul web cite\u0219te valorile stocate anterior \u00een cookie.<br \/>Cookie-urile pot stoca o gama larga de informa\u021bii, inclusiv personale. Aceste date vor fi utilizate de cookie-uri numai dac\u0103 v-a\u021bi dat acordul \u2013 paginile web nu pot accesa informa\u021bii pe care nu le-a\u021bi oferit si nu pot accesa alte fi\u0219iere din computerul sau dispozitivul mobil al dumneavoastr\u0103.<\/p>\n<p>Pute\u021bi schimba set\u0103rile browser-ului astfel \u00eenc\u00e2t s\u0103 alege\u021bi dac\u0103 ve\u021bi accepta sau nu solicit\u0103rile acestor cookie-uri sau s\u0103 \u0219terge\u021bi cookie-urile salvate in mod automat c\u00e2nd \u00eenchide\u021bi browser-ul si a\u0219a mai departe. De asemenea, dac\u0103 v\u0103 da\u021bi acordul utiliz\u0103rii cookie-urilor, v\u0103 pute\u021bi schimba op\u021biunea \u00een orice moment.<\/p>\n<p><strong>Ce cookie-uri folose\u0219te arcas.ro \u0219i de ce<\/strong><\/p>\n<p><strong>Cookie-uri necesare \u2013\u00a0<\/strong>Aceste cookie-uri v\u0103 ajut\u0103 s\u0103 crea\u021bi un site u\u0219or de utilizat, permi\u021b\u00e2nd func\u021bii de baz\u0103 cum ar fi navigarea pe pagini \u0219i accesul \u00een zonele securizate ale site-ului. Website-ul nu poate func\u021biona corect f\u0103r\u0103 aceste cookie-uri.<\/p>\n<p><strong>\u00a0<\/strong><\/p>\n<p><strong>Cookie-uri analitice \u2013\u00a0<\/strong>acestea sunt cookie-uri pe care site-ul le \u00eencarc\u0103 in scopuri de analiza de trafic, cum ar fi analiza paginilor utilizate sau timpul petrecut pe site, informa\u021bii folosite pentru \u00eembun\u0103t\u0103\u021birea calit\u0103\u021bii con\u021binutului si a serviciilor oferite. Pentru acest site, folosim cookie-urile din sistemul Google Analytics.<\/p>\n<p><strong>Cookie-uri de marketing \u2013\u00a0<\/strong>Cookie-urile de marketing sunt folosite pentru a urm\u0103ri vizitatorii pe site-uri. Scopul este de a afi\u015fa reclame relevante \u015fi captivante pentru utilizatorii individuali \u0219i, prin urmare, mai valoroase pentru editori \u0219i agen\u021bii de publicitate ter\u021be.<\/p>\n<p>O list\u0103 a acestor cookie-uri poate fi g\u0103sit\u0103 \u00een descrierea uneltei de gestionare a consim\u021b\u0103mintelor de cookie-uri.<\/p>\n<p><strong>\u00a0<\/strong><\/p>\n<p><strong>Cum se dezactiveaz\u0103 cookie-urile<\/strong><br \/>C\u00e2nd accesa\u021bi prima oara site-ul, va vom cere acordul pentru folosirea cookie-urilor care nu sunt necesare.<br \/>Oric\u00e2nd pute\u021bi dezactiva cookie-urile care nu sunt necesare iar acestea nu vor mai fi stocate in computerul sau dispozitivul dumneavoastr\u0103. Set\u0103rile de cookie pot fi controlate si configurate in browser-ul web.\n<\/div>\n<\/div>\n<\/article>\n<\/div>\n<\/div>\n<\/div>\n<aside class=\"widget-area\">\n<div id=\"linkcat-207\" class=\"widget widget_links\">\u00a0<\/div>\n<\/aside>\n<\/li>\n<\/ol>\n<\/div><\/div><\/div><\/div><\/div><\/div><div id=\"tdi_16\" class=\"tdc-row stretch_row_1400 td-stretch-content\"><div class=\"vc_row tdi_17  wpb_row td-pb-row\" >\n<style scoped>\n\n\/* custom css *\/\n.tdi_17,\r\n                .tdi_17 .tdc-columns{\r\n                    min-height: 0;\r\n                }.tdi_17,\r\n\t\t\t\t.tdi_17 .tdc-columns{\r\n\t\t\t\t    display: block;\r\n\t\t\t\t}.tdi_17 .tdc-columns{\r\n\t\t\t\t    width: 100%;\r\n\t\t\t\t}\n<\/style><div class=\"vc_column tdi_19  wpb_column vc_column_container tdc-column td-pb-span12\">\n<style scoped>\n\n\/* custom css *\/\n.tdi_19{\r\n                    vertical-align: baseline;\r\n                }.tdi_19 > .wpb_wrapper,\r\n\t\t\t\t.tdi_19 > .wpb_wrapper > .tdc-elements{\r\n\t\t\t\t    display: block;\r\n\t\t\t\t}.tdi_19 > .wpb_wrapper > .tdc-elements{\r\n\t\t\t\t    width: 100%;\r\n\t\t\t\t}.tdi_19 > .wpb_wrapper > .vc_row_inner{\r\n\t\t\t\t    width: auto;\r\n\t\t\t\t}.tdi_19 > .wpb_wrapper{\r\n\t\t\t\t    width: auto;\r\n\t\t\t\t    height: auto;\r\n\t\t\t\t}\n<\/style><div class=\"wpb_wrapper\"><div class=\"wpb_wrapper td_block_separator td_block_wrap vc_separator tdi_21  td_separator_solid td_separator_center\"><span style=\"border-color:rgba(255,255,255,0.15);border-width:1px;width:100%;\"><\/span>\n<style scoped>\n\n\/* inline tdc_css att *\/\n\n.tdi_21{\nmargin-bottom:0px !important;\n}\n\n<\/style><\/div><\/div><\/div><\/div><\/div><\/div><\/div>","protected":false},"excerpt":{"rendered":"","protected":false},"author":1,"featured_media":0,"parent":0,"menu_order":0,"comment_status":"closed","ping_status":"closed","template":"","meta":{"footnotes":""},"class_list":["post-1079","page","type-page","status-publish"],"amp_enabled":true,"_links":{"self":[{"href":"https:\/\/arcas.ro\/wp\/wp-json\/wp\/v2\/pages\/1079","targetHints":{"allow":["GET"]}}],"collection":[{"href":"https:\/\/arcas.ro\/wp\/wp-json\/wp\/v2\/pages"}],"about":[{"href":"https:\/\/arcas.ro\/wp\/wp-json\/wp\/v2\/types\/page"}],"author":[{"embeddable":true,"href":"https:\/\/arcas.ro\/wp\/wp-json\/wp\/v2\/users\/1"}],"replies":[{"embeddable":true,"href":"https:\/\/arcas.ro\/wp\/wp-json\/wp\/v2\/comments?post=1079"}],"version-history":[{"count":5,"href":"https:\/\/arcas.ro\/wp\/wp-json\/wp\/v2\/pages\/1079\/revisions"}],"predecessor-version":[{"id":1182,"href":"https:\/\/arcas.ro\/wp\/wp-json\/wp\/v2\/pages\/1079\/revisions\/1182"}],"wp:attachment":[{"href":"https:\/\/arcas.ro\/wp\/wp-json\/wp\/v2\/media?parent=1079"}],"curies":[{"name":"wp","href":"https:\/\/api.w.org\/{rel}","templated":true}]}}